{"id":4333,"date":"2020-01-26T20:48:52","date_gmt":"2020-01-26T20:48:52","guid":{"rendered":"https:\/\/lequbeapartments.com\/voisinage\/"},"modified":"2023-11-05T21:36:46","modified_gmt":"2023-11-05T21:36:46","slug":"voisinage","status":"publish","type":"page","link":"https:\/\/lequbeapartments.com\/fr\/voisinage\/","title":{"rendered":"Voisinage"},"content":{"rendered":"<div class=\"wpb-content-wrapper\"><p>[vc_row rt_row_background_width=\u00a0\u00bbfullwidth\u00a0\u00bb rt_row_content_width=\u00a0\u00bbdefault\u00a0\u00bb rt_row_style=\u00a0\u00bblight-style\u00a0\u00bb rt_row_height=\u00a0\u00bb\u00a0\u00bb rt_row_borders=\u00a0\u00bb\u00a0\u00bb rt_row_shadows=\u00a0\u00bb\u00a0\u00bb rt_column_gaps=\u00a0\u00bb\u00a0\u00bb rt_row_paddings=\u00a0\u00bbtrue\u00a0\u00bb id=\u00a0\u00bbabout\u00a0\u00bb rt_bg_effect=\u00a0\u00bbclassic\u00a0\u00bb rt_transparent_bg=\u00a0\u00bb\u00a0\u00bb rt_bg_image_repeat=\u00a0\u00bbno-repeat\u00a0\u00bb rt_bg_size=\u00a0\u00bbcover\u00a0\u00bb rt_bg_position=\u00a0\u00bbcenter center\u00a0\u00bb rt_bg_attachment=\u00a0\u00bbscroll\u00a0\u00bb rt_bg_video_format=\u00a0\u00bbself-hosted\u00a0\u00bb rt_padding_top=\u00a0\u00bb280&Prime; rt_padding_bottom=\u00a0\u00bb40&Prime; rt_bg_image=\u00a0\u00bb3133&Prime; rt_bg_overlay_color=\u00a0\u00bbrgba(0,0,0,0.11)\u00a0\u00bb][vc_column rt_col_paddings=\u00a0\u00bbtrue\u00a0\u00bb rt_wrp_col_paddings=\u00a0\u00bbfalse\u00a0\u00bb rt_column_shadow=\u00a0\u00bb\u00a0\u00bb rt_border_top=\u00a0\u00bb\u00a0\u00bb rt_border_bottom=\u00a0\u00bb\u00a0\u00bb rt_border_left=\u00a0\u00bb\u00a0\u00bb rt_border_right=\u00a0\u00bb\u00a0\u00bb rt_border_top_mobile=\u00a0\u00bb\u00a0\u00bb rt_border_bottom_mobile=\u00a0\u00bb\u00a0\u00bb rt_border_left_mobile=\u00a0\u00bb\u00a0\u00bb rt_border_right_mobile=\u00a0\u00bb\u00a0\u00bb rt_bg_image_repeat=\u00a0\u00bbrepeat\u00a0\u00bb rt_bg_size=\u00a0\u00bbauto auto\u00a0\u00bb rt_bg_position=\u00a0\u00bbright top\u00a0\u00bb rt_bg_attachment=\u00a0\u00bbscroll\u00a0\u00bb]<div class=\"rt_heading_wrapper style-4\">\n\t\t\t\t\t\t<h1 class=\"rt_heading  style-4\"  style=\"font-size:48px;\">LE PLATEAU MONT-ROYAL<\/h1> \n\t\t\t\t\t<\/div>[\/vc_column][\/vc_row][vc_row rt_row_background_width=\u00a0\u00bbfullwidth\u00a0\u00bb rt_row_content_width=\u00a0\u00bbdefault\u00a0\u00bb rt_row_style=\u00a0\u00bbdefault-style\u00a0\u00bb rt_row_height=\u00a0\u00bb\u00a0\u00bb rt_row_borders=\u00a0\u00bb\u00a0\u00bb rt_row_shadows=\u00a0\u00bb\u00a0\u00bb rt_column_gaps=\u00a0\u00bb\u00a0\u00bb rt_row_paddings=\u00a0\u00bbtrue\u00a0\u00bb rt_bg_effect=\u00a0\u00bbclassic\u00a0\u00bb rt_transparent_bg=\u00a0\u00bb\u00a0\u00bb rt_bg_image_repeat=\u00a0\u00bbrepeat\u00a0\u00bb rt_bg_size=\u00a0\u00bbcover\u00a0\u00bb rt_bg_position=\u00a0\u00bbright top\u00a0\u00bb rt_bg_attachment=\u00a0\u00bbscroll\u00a0\u00bb rt_bg_video_format=\u00a0\u00bbself-hosted\u00a0\u00bb][vc_column rt_col_paddings=\u00a0\u00bbtrue\u00a0\u00bb rt_wrp_col_paddings=\u00a0\u00bbfalse\u00a0\u00bb rt_column_shadow=\u00a0\u00bb\u00a0\u00bb rt_border_top=\u00a0\u00bb\u00a0\u00bb rt_border_bottom=\u00a0\u00bb\u00a0\u00bb rt_border_left=\u00a0\u00bb\u00a0\u00bb rt_border_right=\u00a0\u00bb\u00a0\u00bb rt_border_top_mobile=\u00a0\u00bb\u00a0\u00bb rt_border_bottom_mobile=\u00a0\u00bb\u00a0\u00bb rt_border_left_mobile=\u00a0\u00bb\u00a0\u00bb rt_border_right_mobile=\u00a0\u00bb\u00a0\u00bb rt_bg_image_repeat=\u00a0\u00bbrepeat\u00a0\u00bb rt_bg_size=\u00a0\u00bbauto auto\u00a0\u00bb rt_bg_position=\u00a0\u00bbright top\u00a0\u00bb rt_bg_attachment=\u00a0\u00bbscroll\u00a0\u00bb][vc_column_text]LeQube Saint Hubert est situ\u00e9 au c\u0153ur du plus grand centre artistique et culturel de Montr\u00e9al, le Plateau Mont-Royal. Caract\u00e9ris\u00e9 par une architecture originale, des peintures murales color\u00e9es \u00e0 chaque coin de rue, des festivals et des \u00e9v\u00e9nements fr\u00e9quents, et un v\u00e9ritable \u00e9cosyst\u00e8me de restaurants, de bars, de caf\u00e9s, de salles de concert, de galeries et de boutiques branch\u00e9es, le Plateau offre une infinit\u00e9 d&rsquo;activit\u00e9s pour les visiteurs comme pour les habitants.[\/vc_column_text][\/vc_column][\/vc_row][vc_row rt_row_background_width=\u00a0\u00bbfullwidth\u00a0\u00bb rt_row_content_width=\u00a0\u00bbfullwidth\u00a0\u00bb rt_row_style=\u00a0\u00bbdefault-style\u00a0\u00bb rt_row_height=\u00a0\u00bb\u00a0\u00bb rt_row_borders=\u00a0\u00bb\u00a0\u00bb rt_row_shadows=\u00a0\u00bb\u00a0\u00bb rt_column_gaps=\u00a0\u00bb\u00a0\u00bb rt_row_paddings=\u00a0\u00bbfalse\u00a0\u00bb rt_bg_effect=\u00a0\u00bbclassic\u00a0\u00bb rt_transparent_bg=\u00a0\u00bb\u00a0\u00bb rt_bg_image_repeat=\u00a0\u00bbrepeat\u00a0\u00bb rt_bg_size=\u00a0\u00bbcover\u00a0\u00bb rt_bg_position=\u00a0\u00bbright top\u00a0\u00bb rt_bg_attachment=\u00a0\u00bbscroll\u00a0\u00bb rt_bg_video_format=\u00a0\u00bbself-hosted\u00a0\u00bb][vc_column id=\u00a0\u00bbneighbourhood\u00a0\u00bb rt_col_paddings=\u00a0\u00bbfalse\u00a0\u00bb rt_wrp_col_paddings=\u00a0\u00bbfalse\u00a0\u00bb rt_column_shadow=\u00a0\u00bb\u00a0\u00bb rt_border_top=\u00a0\u00bb\u00a0\u00bb rt_border_bottom=\u00a0\u00bb\u00a0\u00bb rt_border_left=\u00a0\u00bb\u00a0\u00bb rt_border_right=\u00a0\u00bb\u00a0\u00bb rt_border_top_mobile=\u00a0\u00bb\u00a0\u00bb rt_border_bottom_mobile=\u00a0\u00bb\u00a0\u00bb rt_border_left_mobile=\u00a0\u00bb\u00a0\u00bb rt_border_right_mobile=\u00a0\u00bb\u00a0\u00bb rt_bg_image_repeat=\u00a0\u00bbrepeat\u00a0\u00bb rt_bg_size=\u00a0\u00bbauto auto\u00a0\u00bb rt_bg_position=\u00a0\u00bbright top\u00a0\u00bb rt_bg_attachment=\u00a0\u00bbscroll\u00a0\u00bb rt_bg_color=\u00a0\u00bb\u00a0\u00bb rt_bg_overlay_color=\u00a0\u00bb\u00a0\u00bb]<div class=\"rt_features clearfix  nav-columns-3 gallery-align-left\"><div class=\"feature_galleries\" style=\"min-height:500px\">\n<div id=\"feature-1-gallery\" class=\"feature_gallery_wrapper  active\" data-feature-gallery=\"1\">\r\n\t\t\t\t<div id=\"image-carousel-154092\" class=\"rt-carousel carousel-holder clearfix manual-start rt_lightbox_gallery\" data-item-width=\"1\" data-nav=\"true\" data-dots=\"false\" data-margin=\"10\" data-autoplay=\"false\" data-timeout=\"20000\" data-thumbnails=\"false\" data-boxed=\"false\" data-min-height=\"\" data-padding=\"\" data-loop=\"false\" data-mobile-item-width=\"1\">\r\n\t\t\t\t\t<div class=\"owl-carousel\">\r\n\t\t\t\t\t\t<div><a id=\"lightbox-555256\" class=\"imgeffect zoom\" data-gal-id=\"slider-feature-1\" data-rel=\"rt_lightbox\" title=\"Enlarge Image\" data-title=\"restaurant\" data-sub-html=\"\" data-src=\"\" data-width=\"\" data-height=\"\" data-poster=\"\" data-autoplay=\"\" data-audiotitle=\"\" data-download-url=\"false\" href=\"http:\/\/xrd.bjj.mybluehost.me\/wp-content\/uploads\/2020\/02\/restaurant.jpg\"><div class=\"gallery-image has-bg-image\" style=\"background-image:url(https:\/\/i0.wp.com\/lequbeapartments.com\/wp-content\/uploads\/2020\/02\/restaurant-900x500.jpg);\"><\/div><\/a><\/div><div><a id=\"lightbox-179992\" class=\"imgeffect zoom\" data-gal-id=\"slider-feature-1\" data-rel=\"rt_lightbox\" title=\"Enlarge Image\" data-title=\"restaurant2\" data-sub-html=\"\" data-src=\"\" data-width=\"\" data-height=\"\" data-poster=\"\" data-autoplay=\"\" data-audiotitle=\"\" data-download-url=\"false\" href=\"http:\/\/xrd.bjj.mybluehost.me\/wp-content\/uploads\/2020\/02\/restaurant2.jpg\"><div class=\"gallery-image has-bg-image\" style=\"background-image:url(https:\/\/i0.wp.com\/lequbeapartments.com\/wp-content\/uploads\/2020\/02\/restaurant2-900x500.jpg);\"><\/div><\/a><\/div>\r\n\t\t\t\t\t<\/div>\r\n\t\t\t\t\t\r\n\t\t\t\t\t\r\n\t\t\t\t<\/div>\r\n\t\t\t<\/div>\n<div id=\"feature-2-gallery\" class=\"feature_gallery_wrapper\" data-feature-gallery=\"2\">\r\n\t\t\t\t<div id=\"image-carousel-280488\" class=\"rt-carousel carousel-holder clearfix manual-start rt_lightbox_gallery\" data-item-width=\"1\" data-nav=\"true\" data-dots=\"false\" data-margin=\"10\" data-autoplay=\"false\" data-timeout=\"20000\" data-thumbnails=\"false\" data-boxed=\"false\" data-min-height=\"\" data-padding=\"\" data-loop=\"false\" data-mobile-item-width=\"1\">\r\n\t\t\t\t\t<div class=\"owl-carousel\">\r\n\t\t\t\t\t\t<div><a id=\"lightbox-537563\" class=\"imgeffect zoom\" data-gal-id=\"slider-feature-2\" data-rel=\"rt_lightbox\" title=\"Enlarge Image\" data-title=\"prc\" data-sub-html=\"\" data-src=\"\" data-width=\"\" data-height=\"\" data-poster=\"\" data-autoplay=\"\" data-audiotitle=\"\" data-download-url=\"false\" href=\"http:\/\/xrd.bjj.mybluehost.me\/wp-content\/uploads\/2020\/02\/prc.jpg\"><div class=\"gallery-image\" data-image=\"https:\/\/i0.wp.com\/lequbeapartments.com\/wp-content\/uploads\/2020\/02\/prc-900x500.jpg\"><\/div><\/a><\/div><div><a id=\"lightbox-794124\" class=\"imgeffect zoom\" data-gal-id=\"slider-feature-2\" data-rel=\"rt_lightbox\" title=\"Enlarge Image\" data-title=\"mont-royal\" data-sub-html=\"\" data-src=\"\" data-width=\"\" data-height=\"\" data-poster=\"\" data-autoplay=\"\" data-audiotitle=\"\" data-download-url=\"false\" href=\"http:\/\/xrd.bjj.mybluehost.me\/wp-content\/uploads\/2020\/02\/mont-royal.jpg\"><div class=\"gallery-image\" data-image=\"https:\/\/i0.wp.com\/lequbeapartments.com\/wp-content\/uploads\/2020\/02\/mont-royal-900x500.jpg\"><\/div><\/a><\/div>\r\n\t\t\t\t\t<\/div>\r\n\t\t\t\t\t\r\n\t\t\t\t\t\r\n\t\t\t\t<\/div>\r\n\t\t\t<\/div>\n<div id=\"feature-3-gallery\" class=\"feature_gallery_wrapper\" data-feature-gallery=\"3\">\r\n\t\t\t\t<div id=\"image-carousel-161847\" class=\"rt-carousel carousel-holder clearfix manual-start rt_lightbox_gallery\" data-item-width=\"1\" data-nav=\"true\" data-dots=\"false\" data-margin=\"10\" data-autoplay=\"false\" data-timeout=\"20000\" data-thumbnails=\"false\" data-boxed=\"false\" data-min-height=\"\" data-padding=\"\" data-loop=\"false\" data-mobile-item-width=\"1\">\r\n\t\t\t\t\t<div class=\"owl-carousel\">\r\n\t\t\t\t\t\t<div><a id=\"lightbox-589687\" class=\"imgeffect zoom\" data-gal-id=\"slider-feature-3\" data-rel=\"rt_lightbox\" title=\"Enlarge Image\" data-title=\"festival\" data-sub-html=\"\" data-src=\"\" data-width=\"\" data-height=\"\" data-poster=\"\" data-autoplay=\"\" data-audiotitle=\"\" data-download-url=\"false\" href=\"http:\/\/xrd.bjj.mybluehost.me\/wp-content\/uploads\/2020\/02\/festival.jpg\"><div class=\"gallery-image\" data-image=\"https:\/\/i0.wp.com\/lequbeapartments.com\/wp-content\/uploads\/2020\/02\/festival-900x500.jpg\"><\/div><\/a><\/div><div><a id=\"lightbox-941292\" class=\"imgeffect zoom\" data-gal-id=\"slider-feature-3\" data-rel=\"rt_lightbox\" title=\"Enlarge Image\" data-title=\"festival-2\" data-sub-html=\"\" data-src=\"\" data-width=\"\" data-height=\"\" data-poster=\"\" data-autoplay=\"\" data-audiotitle=\"\" data-download-url=\"false\" href=\"http:\/\/xrd.bjj.mybluehost.me\/wp-content\/uploads\/2020\/02\/festival-2.jpg\"><div class=\"gallery-image\" data-image=\"https:\/\/i0.wp.com\/lequbeapartments.com\/wp-content\/uploads\/2020\/02\/festival-2-900x500.jpg\"><\/div><\/a><\/div>\r\n\t\t\t\t\t<\/div>\r\n\t\t\t\t\t\r\n\t\t\t\t\t\r\n\t\t\t\t<\/div>\r\n\t\t\t<\/div>\n<div id=\"feature-4-gallery\" class=\"feature_gallery_wrapper\" data-feature-gallery=\"4\"><a id=\"lightbox-923563\" class=\"imgeffect zoom rt_lightbox\" data-gal-id=\"slider-feature-4\" data-rel=\"rt_lightbox\" title=\"Enlarge Image\" data-title=\"culture-museum\" data-sub-html=\"\" data-src=\"\" data-width=\"\" data-height=\"\" data-poster=\"\" data-autoplay=\"\" data-audiotitle=\"\" data-download-url=\"false\" href=\"http:\/\/xrd.bjj.mybluehost.me\/wp-content\/uploads\/2020\/02\/culture-museum.jpg\"><div class=\"gallery-image\" data-image=\"https:\/\/i0.wp.com\/lequbeapartments.com\/wp-content\/uploads\/2020\/02\/culture-museum-900x500.jpg\"><\/div><\/a><\/div>\n<div id=\"feature-5-gallery\" class=\"feature_gallery_wrapper\" data-feature-gallery=\"5\"><a id=\"lightbox-869715\" class=\"imgeffect zoom rt_lightbox\" data-gal-id=\"slider-feature-5\" data-rel=\"rt_lightbox\" title=\"Enlarge Image\" data-title=\"downtown-montreal\" data-sub-html=\"\" data-src=\"\" data-width=\"\" data-height=\"\" data-poster=\"\" data-autoplay=\"\" data-audiotitle=\"\" data-download-url=\"false\" href=\"http:\/\/xrd.bjj.mybluehost.me\/wp-content\/uploads\/2020\/02\/downtown-montreal.jpg\"><div class=\"gallery-image\" data-image=\"https:\/\/i0.wp.com\/lequbeapartments.com\/wp-content\/uploads\/2020\/02\/downtown-montreal-900x500.jpg\"><\/div><\/a><\/div>\n<\/div>\n<div class=\"feature_contents_wrapper\" style=\"min-height:500px\">\n<ul class=\"feature_nav\">\n<li class=\"feature_title  active\" id=\"feature-1-title\" data-number=\"1\">Restaurants<\/li>\n<li class=\"feature_title \" id=\"feature-2-title\" data-number=\"2\">Espaces verts<\/li>\n<li class=\"feature_title \" id=\"feature-3-title\" data-number=\"3\">Festivals<\/li>\n<li class=\"feature_title \" id=\"feature-4-title\" data-number=\"4\">Culture<\/li>\n<li class=\"feature_title \" id=\"feature-5-title\" data-number=\"5\">Pr\u00e8s du centre-ville<\/li>\n<\/ul>\n<div class=\"feature_contents\"><div id=\"feature-1-content\" class=\"feature_content_wrapper  active\" data-feature-content=\"1\">\n<div class=\"tab_content\">\n<h3 class=\"feature-heading\">Restaurants<\/h3>\n<h3>LE PARADIS DES GOURMANDS<\/h3>\n<p>La sc\u00e8ne gastronomique de Montr\u00e9al est certainement unique. Comme dans d&rsquo;autres grandes villes, les influences ethniques sont nombreuses et excellentes, mais il existe aussi une tradition bien ancr\u00e9e de cuisine canadienne-fran\u00e7aise qui se refl\u00e8te dans de nombreux restaurants.<\/p><\/div><\/div>\n<div id=\"feature-2-content\" class=\"feature_content_wrapper\" data-feature-content=\"2\">\n<div class=\"tab_content\">\n<h3 class=\"feature-heading\">Espaces verts<\/h3>\n<h3>PARC DU MONT-ROYAL <em> ET DE<\/em> LA FONTAINE<\/h3>\n<p>Vous \u00eates \u00e0 distance de marche du magnifique parc du Mont-Royal.<\/p><\/div><\/div>\n<div id=\"feature-3-content\" class=\"feature_content_wrapper\" data-feature-content=\"3\">\n<div class=\"tab_content\">\n<h3 class=\"feature-heading\">Festivals<\/h3>\n<h3>CAPITALE DES FESTIVALS<\/h3>\n<p>Bienvenue \u00e0 Montr\u00e9al, la capitale des festivals. \u00c0 partir de l&rsquo;Igloofest en janvier, il n&rsquo;y a pas une p\u00e9riode de l&rsquo;ann\u00e9e o\u00f9 il n&rsquo;y a pas d&rsquo;\u00e9v\u00e9nement majeur : Formule 1, Festival de jazz de Montr\u00e9al, Festival de la bi\u00e8re, Concours de feux d&rsquo;artifice de Montr\u00e9al, Juste pour rire, Osheaga, pour n&rsquo;en nommer que quelques-uns&#8230;<\/p><\/div><\/div>\n<div id=\"feature-4-content\" class=\"feature_content_wrapper\" data-feature-content=\"4\">\n<div class=\"tab_content\">\n<h3 class=\"feature-heading\">Culture<\/h3>\n<h3>MUSIQUE, MUS\u00c9ES ET TH\u00c9\u00c2TRES<\/h3>\n<p>Plongez dans l&rsquo;histoire et la culture, les expositions mus\u00e9ales et artistiques, la science pratique ou les d\u00e9couvertes galactiques &#8211; tout est \u00e0 port\u00e9e de main dans les nombreux mus\u00e9es et galeries d&rsquo;art de Montr\u00e9al.<\/p><\/div><\/div>\n<div id=\"feature-5-content\" class=\"feature_content_wrapper\" data-feature-content=\"5\">\n<div class=\"tab_content\">\n<h3 class=\"feature-heading\">Pr\u00e8s du centre-ville<\/h3>\n<h3>\u00c0 QUELQUES MINUTES DU CENTRE-VILLE<\/h3>\n<p>Que vous soyez \u00e0 Montr\u00e9al pour les affaires ou pour les loisirs, vous pouvez vous rendre au centre-ville en quelques minutes seulement. Nous sommes id\u00e9alement situ\u00e9s entre deux stations de m\u00e9tro, ou vous pouvez simplement monter dans un Bixi, le syst\u00e8me public de partage de v\u00e9los qui dessert Montr\u00e9al.<\/p><\/div><\/div>\n<\/div>\n<div class=\"feature_mobile_nav bottom\">\n\t\t<ul>\n\t\t<li class=\"prev-feature-holder\"><span class=\"icon-left-open\"><\/span><a class=\"prev-feature\" data-current-feature=\"1\" href=\"#\" title=\"Previous Feature\">-<\/a><\/li>\n\t\t<li class=\"next-feature-holder\"><a class=\"next-feature\" data-current-feature=\"1\" href=\"#\" title=\"Next Feature\">-<\/a><span class=\"icon-right-open\"><\/span><\/li>\n\t\t<\/ul>\n\t\t<\/div>\n<\/div>\n<\/div>[\/vc_column][\/vc_row]<\/p>\n<\/div>","protected":false},"excerpt":{"rendered":"<p>[vc_row rt_row_background_width=\u00a0\u00bbfullwidth\u00a0\u00bb rt_row_content_width=\u00a0\u00bbdefault\u00a0\u00bb rt_row_style=\u00a0\u00bblight-style\u00a0\u00bb rt_row_height=\u00a0\u00bb\u00a0\u00bb rt_row_borders=\u00a0\u00bb\u00a0\u00bb rt_row_shadows=\u00a0\u00bb\u00a0\u00bb rt_column_gaps=\u00a0\u00bb\u00a0\u00bb rt_row_paddings=\u00a0\u00bbtrue\u00a0\u00bb id=\u00a0\u00bbabout\u00a0\u00bb rt_bg_effect=\u00a0\u00bbclassic\u00a0\u00bb rt_transparent_bg=\u00a0\u00bb\u00a0\u00bb rt_bg_image_repeat=\u00a0\u00bbno-repeat\u00a0\u00bb rt_bg_size=\u00a0\u00bbcover\u00a0\u00bb rt_bg_position=\u00a0\u00bbcenter center\u00a0\u00bb rt_bg_attachment=\u00a0\u00bbscroll\u00a0\u00bb rt_bg_video_format=\u00a0\u00bbself-hosted\u00a0\u00bb rt_padding_top=\u00a0\u00bb280&Prime; rt_padding_bottom=\u00a0\u00bb40&Prime; rt_bg_image=\u00a0\u00bb3133&Prime; rt_bg_overlay_color=\u00a0\u00bbrgba(0,0,0,0.11)\u00a0\u00bb][vc_column rt_col_paddings=\u00a0\u00bbtrue\u00a0\u00bb rt_wrp_col_paddings=\u00a0\u00bbfalse\u00a0\u00bb rt_column_shadow=\u00a0\u00bb\u00a0\u00bb rt_border_top=\u00a0\u00bb\u00a0\u00bb rt_border_bottom=\u00a0\u00bb\u00a0\u00bb rt_border_left=\u00a0\u00bb\u00a0\u00bb rt_border_right=\u00a0\u00bb\u00a0\u00bb rt_border_top_mobile=\u00a0\u00bb\u00a0\u00bb rt_border_bottom_mobile=\u00a0\u00bb\u00a0\u00bb rt_border_left_mobile=\u00a0\u00bb\u00a0\u00bb rt_border_right_mobile=\u00a0\u00bb\u00a0\u00bb rt_bg_image_repeat=\u00a0\u00bbrepeat\u00a0\u00bb rt_bg_size=\u00a0\u00bbauto auto\u00a0\u00bb rt_bg_position=\u00a0\u00bbright top\u00a0\u00bb rt_bg_attachment=\u00a0\u00bbscroll\u00a0\u00bb][\/vc_column][\/vc_row][vc_row rt_row_background_width=\u00a0\u00bbfullwidth\u00a0\u00bb rt_row_content_width=\u00a0\u00bbdefault\u00a0\u00bb rt_row_style=\u00a0\u00bbdefault-style\u00a0\u00bb rt_row_height=\u00a0\u00bb\u00a0\u00bb rt_row_borders=\u00a0\u00bb\u00a0\u00bb rt_row_shadows=\u00a0\u00bb\u00a0\u00bb rt_column_gaps=\u00a0\u00bb\u00a0\u00bb rt_row_paddings=\u00a0\u00bbtrue\u00a0\u00bb rt_bg_effect=\u00a0\u00bbclassic\u00a0\u00bb rt_transparent_bg=\u00a0\u00bb\u00a0\u00bb rt_bg_image_repeat=\u00a0\u00bbrepeat\u00a0\u00bb rt_bg_size=\u00a0\u00bbcover\u00a0\u00bb rt_bg_position=\u00a0\u00bbright top\u00a0\u00bb rt_bg_attachment=\u00a0\u00bbscroll\u00a0\u00bb rt_bg_video_format=\u00a0\u00bbself-hosted\u00a0\u00bb][vc_column &#8230; <a class=\"more-link\" href=\"https:\/\/lequbeapartments.com\/fr\/voisinage\/\">Continue reading<\/a><\/p>\n","protected":false},"author":2,"featured_media":0,"parent":0,"menu_order":0,"comment_status":"closed","ping_status":"closed","template":"","meta":{"jetpack_post_was_ever_published":false,"footnotes":""},"class_list":["post-4333","page","type-page","status-publish","hentry"],"jetpack_sharing_enabled":false,"jetpack_shortlink":"https:\/\/wp.me\/PbDpAf-17T","_links":{"self":[{"href":"https:\/\/lequbeapartments.com\/fr\/wp-json\/wp\/v2\/pages\/4333","targetHints":{"allow":["GET"]}}],"collection":[{"href":"https:\/\/lequbeapartments.com\/fr\/wp-json\/wp\/v2\/pages"}],"about":[{"href":"https:\/\/lequbeapartments.com\/fr\/wp-json\/wp\/v2\/types\/page"}],"author":[{"embeddable":true,"href":"https:\/\/lequbeapartments.com\/fr\/wp-json\/wp\/v2\/users\/2"}],"replies":[{"embeddable":true,"href":"https:\/\/lequbeapartments.com\/fr\/wp-json\/wp\/v2\/comments?post=4333"}],"version-history":[{"count":5,"href":"https:\/\/lequbeapartments.com\/fr\/wp-json\/wp\/v2\/pages\/4333\/revisions"}],"predecessor-version":[{"id":4338,"href":"https:\/\/lequbeapartments.com\/fr\/wp-json\/wp\/v2\/pages\/4333\/revisions\/4338"}],"wp:attachment":[{"href":"https:\/\/lequbeapartments.com\/fr\/wp-json\/wp\/v2\/media?parent=4333"}],"curies":[{"name":"wp","href":"https:\/\/api.w.org\/{rel}","templated":true}]}}